{"id":2367,"date":"2023-05-04T11:03:11","date_gmt":"2023-05-04T09:03:11","guid":{"rendered":"https:\/\/corexnat.com\/aviso-legal\/"},"modified":"2023-05-26T12:28:07","modified_gmt":"2023-05-26T10:28:07","slug":"avis-legal","status":"publish","type":"page","link":"https:\/\/corexnat.com\/fr\/avis-legal\/","title":{"rendered":"Avis l\u00e9gal"},"content":{"rendered":"\t\t<div data-elementor-type=\"wp-page\" data-elementor-id=\"2367\" class=\"elementor elementor-2367 elementor-1853\" data-elementor-post-type=\"page\">\n\t\t\t\t\t\t<section class=\"elementor-section elementor-top-section elementor-element elementor-element-2288887 elementor-section-boxed elementor-section-height-default elementor-section-height-default\" data-id=\"2288887\" data-element_type=\"section\" data-e-type=\"section\">\n\t\t\t\t\t\t<div class=\"elementor-container elementor-column-gap-default\">\n\t\t\t\t\t<div class=\"elementor-column elementor-col-100 elementor-top-column elementor-element elementor-element-7df7d14\" data-id=\"7df7d14\" data-element_type=\"column\" data-e-type=\"column\">\n\t\t\t<div class=\"elementor-widget-wrap elementor-element-populated\">\n\t\t\t\t\t\t<div class=\"elementor-element elementor-element-0858a8f elementor-widget elementor-widget-text-editor\" data-id=\"0858a8f\" data-element_type=\"widget\" data-e-type=\"widget\" data-settings=\"{&quot;ekit_we_effect_on&quot;:&quot;none&quot;}\" data-widget_type=\"text-editor.default\">\n\t\t\t\t<div class=\"elementor-widget-container\">\n\t\t\t\t\t\t\t\t\t<h2>Identification et propri\u00e9t\u00e9<\/h2><p>Conform\u00e9ment \u00e0 l&rsquo;article 10 de la loi 34\/2002 du 11 juillet sur les services de la soci\u00e9t\u00e9 de l&rsquo;information et du commerce \u00e9lectronique, le propri\u00e9taire expose ses donn\u00e9es d&rsquo;identification :<\/p><ul><li><b>Propri\u00e9taire :<\/b> COREXNAT, S.L.<\/li><li><b>NIF :<\/b> B64016256<\/li><li><b>Adresse :<\/b> C\/ Guirnaldas, 52-54 &#8211; Pol. Ind. Los Puertas, 29792 de Caj\u00edz, M\u00e1laga &#8211; Espagne.<\/li><li><b>Adresse e-mail :<\/b> antencioncliente@corexnat.com<\/li><li><b>Site Web :<\/b> <a href=\"https:\/\/corexnat.com\/\">https:\/\/corexnat.com\/fr\/<\/a><\/li><\/ul><h2>Objectif<\/h2><p>Le site Web a pour objectif : la fabrication, l&rsquo;importation et la distribution de produits phytosanitaires et d&rsquo;extraits v\u00e9g\u00e9taux.<\/p><h2>Conditions d&rsquo;utilisation<\/h2><p>L&rsquo;utilisation du site Web vous conf\u00e8re la qualit\u00e9 d&rsquo;utilisateur et implique l&rsquo;acceptation totale de toutes les clauses et conditions d&rsquo;utilisation incluses dans les pages suivantes :<\/p><ul><li><a href=\"https:\/\/corexnat.com\/fr\/avis-legal\/\">Mentions l\u00e9gales<\/a><\/li><li><a href=\"https:\/\/corexnat.com\/fr\/politique-de-confidentialite\/\">Politique de confidentialit\u00e9<\/a><\/li><li><a href=\"https:\/\/corexnat.com\/fr\/politique-des-cookies\/\">Politique de cookies<\/a><\/li><\/ul><p>Si vous n&rsquo;\u00eates pas d&rsquo;accord avec l&rsquo;une de ces clauses ou conditions, veuillez vous abstenir d&rsquo;utiliser le site Web.<\/p><p>L&rsquo;acc\u00e8s au site Web ne constitue en aucun cas le d\u00e9but d&rsquo;une relation commerciale avec le propri\u00e9taire.<\/p><p>Par le biais du site Web, le propri\u00e9taire vous permet d&rsquo;acc\u00e9der et d&rsquo;utiliser divers contenus que le propri\u00e9taire et\/ou ses collaborateurs ont publi\u00e9s sur Internet.<\/p><p>\u00c0 cet effet, vous \u00eates tenu de NE PAS utiliser les contenus du site Web \u00e0 des fins illicites, interdites par les pr\u00e9sentes mentions l\u00e9gales ou par la l\u00e9gislation en vigueur, qui porteraient atteinte aux droits et int\u00e9r\u00eats des tiers, ou qui pourraient endommager, d\u00e9sactiver, surcharger, d\u00e9t\u00e9riorer ou emp\u00eacher l&rsquo;utilisation normale des contenus, des \u00e9quipements informatiques, des documents, des fichiers et de tout autre contenu stock\u00e9 sur un \u00e9quipement informatique propre ou lou\u00e9 par le propri\u00e9taire, par d&rsquo;autres utilisateurs ou par tout utilisateur d&rsquo;Internet.<\/p><h2>Mesures de s\u00e9curit\u00e9<\/h2><p>Les donn\u00e9es personnelles que vous fournissez au propri\u00e9taire peuvent \u00eatre stock\u00e9es dans des bases de donn\u00e9es automatis\u00e9es ou non, dont la propri\u00e9t\u00e9 appartient exclusivement au propri\u00e9taire, qui prend toutes les mesures techniques, organisationnelles et de s\u00e9curit\u00e9 garantissant la confidentialit\u00e9, l&rsquo;int\u00e9grit\u00e9 et la qualit\u00e9 des informations qu&rsquo;elles contiennent, conform\u00e9ment \u00e0 la l\u00e9gislation en vigueur en mati\u00e8re de protection des donn\u00e9es.<\/p><p>Cependant, vous devez \u00eatre conscient que les mesures de s\u00e9curit\u00e9 des syst\u00e8mes informatiques sur Internet ne sont pas totalement fiables, et par cons\u00e9quent, le propri\u00e9taire ne peut garantir l&rsquo;absence de virus ou d&rsquo;autres \u00e9l\u00e9ments susceptibles d&rsquo;alt\u00e9rer les syst\u00e8mes informatiques (logiciels et mat\u00e9riels) de l&rsquo;utilisateur ou ses documents \u00e9lectroniques et fichiers, m\u00eame si le propri\u00e9taire met en \u0153uvre tous les moyens n\u00e9cessaires et prend les mesures de s\u00e9curit\u00e9 appropri\u00e9es pour \u00e9viter la pr\u00e9sence de ces \u00e9l\u00e9ments nuisibles.<\/p><h2>Traitement des donn\u00e9es personnelles<\/h2><p>Vous pouvez consulter toutes les informations relatives au traitement des donn\u00e9es personnelles collect\u00e9es par le propri\u00e9taire sur la page de <a href=\"https:\/\/corexnat.com\/fr\/politique-de-confidentialite\/\">Politique de confidentialit\u00e9<\/a>.<\/p><h2>Contenus<\/h2><p>Le propri\u00e9taire a obtenu les informations, le contenu multim\u00e9dia et les mat\u00e9riaux inclus sur le site Web \u00e0 partir de sources qu&rsquo;il estime fiables, mais bien qu&rsquo;il ait pris toutes les mesures raisonnables pour s&rsquo;assurer que les informations contenues sont correctes, le propri\u00e9taire ne garantit pas qu&rsquo;elles sont exactes, compl\u00e8tes ou \u00e0 jour. Le propri\u00e9taire d\u00e9cline express\u00e9ment toute responsabilit\u00e9 en cas d&rsquo;erreur ou d&rsquo;omission dans les informations contenues sur les pages du site Web.<\/p><p>Il est interdit de transmettre ou d&rsquo;envoyer via le site Web tout contenu ill\u00e9gal ou illicite, des virus informatiques ou des messages qui, de mani\u00e8re g\u00e9n\u00e9rale, affectent ou violent les droits du propri\u00e9taire ou des tiers.<\/p><p>Les contenus du site Web ont uniquement une finalit\u00e9 informative et en aucun cas ils ne doivent \u00eatre utilis\u00e9s ou consid\u00e9r\u00e9s comme une offre de vente, une demande d&rsquo;offre d&rsquo;achat ou une recommandation pour effectuer toute autre op\u00e9ration, sauf indication expresse.<\/p><p>Le propri\u00e9taire se r\u00e9serve le droit de modifier, suspendre, annuler ou restreindre le contenu du site Web, les liens ou les informations obtenues via le site Web, sans pr\u00e9avis.<\/p><p>Le propri\u00e9taire n&rsquo;est pas responsable des dommages et pr\u00e9judices pouvant r\u00e9sulter de l&rsquo;utilisation des informations du site Web.<\/p><h2>Politique de cookies<\/h2><p>Vous pouvez consulter toutes les informations relatives \u00e0 la politique de collecte et de traitement des cookies sur la page de <a href=\"https:\/\/corexnat.com\/politica-de-cookies\/\">Politique de cookies<\/a>.<\/p><h2>Liens vers d&rsquo;autres sites Web<\/h2><p>Le propri\u00e9taire peut vous fournir un acc\u00e8s \u00e0 des sites Web de tiers par le biais de liens dans le seul but d&rsquo;informer de l&rsquo;existence d&rsquo;autres sources d&rsquo;information sur Internet o\u00f9 vous pouvez obtenir des informations compl\u00e9mentaires \u00e0 celles fournies sur le site Web.<\/p><p>Ces liens vers d&rsquo;autres sites Web ne constituent en aucun cas une suggestion ou une recommandation de visiter les pages Web de destination, qui sont hors du contr\u00f4le du propri\u00e9taire. Par cons\u00e9quent, le propri\u00e9taire n&rsquo;est pas responsable du contenu des sites Web li\u00e9s ni des r\u00e9sultats obtenus en suivant les liens. De m\u00eame, le propri\u00e9taire n&rsquo;est pas responsable des liens ou des liens contenus sur les sites Web li\u00e9s auxquels il fournit un acc\u00e8s.<\/p><p>L&rsquo;\u00e9tablissement du lien n&rsquo;implique en aucun cas l&rsquo;existence de relations entre le propri\u00e9taire et le propri\u00e9taire du site sur lequel le lien est \u00e9tabli, ni l&rsquo;acceptation ou l&rsquo;approbation par le propri\u00e9taire de leurs contenus ou services.<\/p><p>Si vous acc\u00e9dez \u00e0 un site Web externe \u00e0 partir d&rsquo;un lien trouv\u00e9 sur le site Web, vous devez lire la politique de confidentialit\u00e9 de ce site Web, qui peut diff\u00e9rer de celle du pr\u00e9sent site Web.<\/p><h2>Propri\u00e9t\u00e9 intellectuelle et industrielle<\/h2><p>Tous les droits sont r\u00e9serv\u00e9s.<\/p><p>Tout acc\u00e8s \u00e0 ce site Web est soumis aux conditions suivantes : la reproduction, le stockage permanent et la diffusion des contenus ou toute autre utilisation \u00e0 des fins publiques ou commerciales sont express\u00e9ment interdits sans le consentement pr\u00e9alable, expr\u00e8s et \u00e9crit du propri\u00e9taire.<\/p><h2>Limitation de responsabilit\u00e9<\/h2><p>Le propri\u00e9taire d\u00e9cline toute responsabilit\u00e9 en cas d&rsquo;interruptions ou de dysfonctionnements des services ou contenus offerts sur Internet, quelle qu&rsquo;en soit la cause. De plus, le propri\u00e9taire n&rsquo;est pas responsable des pannes de r\u00e9seau, des pertes d&rsquo;activit\u00e9 r\u00e9sultant de ces pannes, des interruptions temporaires de l&rsquo;alimentation \u00e9lectrique ou de tout autre dommage indirect qui pourrait \u00eatre caus\u00e9 par des causes ind\u00e9pendantes du propri\u00e9taire.<\/p><p>Avant de prendre des d\u00e9cisions et\/ou des mesures bas\u00e9es sur les informations contenues sur le site Web, le propri\u00e9taire vous recommande de v\u00e9rifier et de croiser les informations re\u00e7ues avec d&rsquo;autres sources.<\/p><h2>Juridiction<\/h2><p>Les pr\u00e9sentes mentions l\u00e9gales sont r\u00e9gies exclusivement par la l\u00e9gislation espagnole.<\/p><h2>Contact<\/h2><p>Si vous avez des questions concernant ces mentions l\u00e9gales ou si vous souhaitez faire des commentaires sur le site Web, vous pouvez envoyer un courrier \u00e9lectronique \u00e0 l&rsquo;adresse suivante : antencioncliente@corexnat.com<\/p>\t\t\t\t\t\t\t\t<\/div>\n\t\t\t\t<\/div>\n\t\t\t\t\t<\/div>\n\t\t<\/div>\n\t\t\t\t\t<\/div>\n\t\t<\/section>\n\t\t\t\t<\/div>\n\t\t","protected":false},"excerpt":{"rendered":"<p>Identification et propri\u00e9t\u00e9 Conform\u00e9ment \u00e0 l&rsquo;article 10 de la loi 34\/2002 du 11 juillet sur les services de la soci\u00e9t\u00e9 [&hellip;]<\/p>\n","protected":false},"author":1,"featured_media":0,"parent":0,"menu_order":0,"comment_status":"closed","ping_status":"closed","template":"","meta":{"inline_featured_image":false,"site-sidebar-layout":"no-sidebar","site-content-layout":"page-builder","ast-site-content-layout":"default","site-content-style":"default","site-sidebar-style":"default","ast-global-header-display":"","ast-banner-title-visibility":"","ast-main-header-display":"","ast-hfb-above-header-display":"","ast-hfb-below-header-display":"","ast-hfb-mobile-header-display":"","site-post-title":"disabled","ast-breadcrumbs-content":"","ast-featured-img":"disabled","footer-sml-layout":"","ast-disable-related-posts":"","theme-transparent-header-meta":"","adv-header-id-meta":"","stick-header-meta":"","header-above-stick-meta":"","header-main-stick-meta":"","header-below-stick-meta":"","astra-migrate-meta-layouts":"default","ast-page-background-enabled":"default","ast-page-background-meta":{"desktop":{"background-color":"var(--ast-global-color-4)","background-image":"","background-repeat":"repeat","background-position":"center center","background-size":"auto","background-attachment":"scroll","background-type":"","background-media":"","overlay-type":"","overlay-color":"","overlay-opacity":"","overlay-gradient":""},"tablet":{"background-color":"","background-image":"","background-repeat":"repeat","background-position":"center center","background-size":"auto","background-attachment":"scroll","background-type":"","background-media":"","overlay-type":"","overlay-color":"","overlay-opacity":"","overlay-gradient":""},"mobile":{"background-color":"","background-image":"","background-repeat":"repeat","background-position":"center center","background-size":"auto","background-attachment":"scroll","background-type":"","background-media":"","overlay-type":"","overlay-color":"","overlay-opacity":"","overlay-gradient":""}},"ast-content-background-meta":{"desktop":{"background-color":"var(--ast-global-color-5)","background-image":"","background-repeat":"repeat","background-position":"center center","background-size":"auto","background-attachment":"scroll","background-type":"","background-media":"","overlay-type":"","overlay-color":"","overlay-opacity":"","overlay-gradient":""},"tablet":{"background-color":"var(--ast-global-color-5)","background-image":"","background-repeat":"repeat","background-position":"center center","background-size":"auto","background-attachment":"scroll","background-type":"","background-media":"","overlay-type":"","overlay-color":"","overlay-opacity":"","overlay-gradient":""},"mobile":{"background-color":"var(--ast-global-color-5)","background-image":"","background-repeat":"repeat","background-position":"center center","background-size":"auto","background-attachment":"scroll","background-type":"","background-media":"","overlay-type":"","overlay-color":"","overlay-opacity":"","overlay-gradient":""}},"footnotes":""},"class_list":["post-2367","page","type-page","status-publish","hentry"],"_links":{"self":[{"href":"https:\/\/corexnat.com\/fr\/wp-json\/wp\/v2\/pages\/2367","targetHints":{"allow":["GET"]}}],"collection":[{"href":"https:\/\/corexnat.com\/fr\/wp-json\/wp\/v2\/pages"}],"about":[{"href":"https:\/\/corexnat.com\/fr\/wp-json\/wp\/v2\/types\/page"}],"author":[{"embeddable":true,"href":"https:\/\/corexnat.com\/fr\/wp-json\/wp\/v2\/users\/1"}],"replies":[{"embeddable":true,"href":"https:\/\/corexnat.com\/fr\/wp-json\/wp\/v2\/comments?post=2367"}],"version-history":[{"count":0,"href":"https:\/\/corexnat.com\/fr\/wp-json\/wp\/v2\/pages\/2367\/revisions"}],"wp:attachment":[{"href":"https:\/\/corexnat.com\/fr\/wp-json\/wp\/v2\/media?parent=2367"}],"curies":[{"name":"wp","href":"https:\/\/api.w.org\/{rel}","templated":true}]}}